{"id":1720,"date":"2024-06-12T16:05:16","date_gmt":"2024-06-12T14:05:16","guid":{"rendered":"https:\/\/aitanaconsultores.com\/mentions-legales\/"},"modified":"2024-07-18T13:14:36","modified_gmt":"2024-07-18T11:14:36","slug":"mentions-legales","status":"publish","type":"page","link":"https:\/\/aitanaconsultores.com\/fr\/mentions-legales\/","title":{"rendered":"Mentions l\u00e9gales"},"content":{"rendered":"\t\t<div data-elementor-type=\"wp-page\" data-elementor-id=\"1720\" class=\"elementor elementor-1720 elementor-890\" data-elementor-post-type=\"page\">\n\t\t\t\t<div class=\"elementor-element elementor-element-41313a43 e-flex e-con-boxed e-con e-parent\" data-id=\"41313a43\" data-element_type=\"container\">\n\t\t\t\t\t<div class=\"e-con-inner\">\n\t\t\t\t<div class=\"elementor-element elementor-element-874f8da elementor-widget elementor-widget-site-logo\" data-id=\"874f8da\" data-element_type=\"widget\" data-settings=\"{&quot;align&quot;:&quot;center&quot;,&quot;width&quot;:{&quot;unit&quot;:&quot;%&quot;,&quot;size&quot;:&quot;&quot;,&quot;sizes&quot;:[]},&quot;width_tablet&quot;:{&quot;unit&quot;:&quot;%&quot;,&quot;size&quot;:&quot;&quot;,&quot;sizes&quot;:[]},&quot;width_mobile&quot;:{&quot;unit&quot;:&quot;%&quot;,&quot;size&quot;:&quot;&quot;,&quot;sizes&quot;:[]},&quot;space&quot;:{&quot;unit&quot;:&quot;%&quot;,&quot;size&quot;:&quot;&quot;,&quot;sizes&quot;:[]},&quot;space_tablet&quot;:{&quot;unit&quot;:&quot;%&quot;,&quot;size&quot;:&quot;&quot;,&quot;sizes&quot;:[]},&quot;space_mobile&quot;:{&quot;unit&quot;:&quot;%&quot;,&quot;size&quot;:&quot;&quot;,&quot;sizes&quot;:[]},&quot;image_border_radius&quot;:{&quot;unit&quot;:&quot;px&quot;,&quot;top&quot;:&quot;&quot;,&quot;right&quot;:&quot;&quot;,&quot;bottom&quot;:&quot;&quot;,&quot;left&quot;:&quot;&quot;,&quot;isLinked&quot;:true},&quot;image_border_radius_tablet&quot;:{&quot;unit&quot;:&quot;px&quot;,&quot;top&quot;:&quot;&quot;,&quot;right&quot;:&quot;&quot;,&quot;bottom&quot;:&quot;&quot;,&quot;left&quot;:&quot;&quot;,&quot;isLinked&quot;:true},&quot;image_border_radius_mobile&quot;:{&quot;unit&quot;:&quot;px&quot;,&quot;top&quot;:&quot;&quot;,&quot;right&quot;:&quot;&quot;,&quot;bottom&quot;:&quot;&quot;,&quot;left&quot;:&quot;&quot;,&quot;isLinked&quot;:true},&quot;caption_padding&quot;:{&quot;unit&quot;:&quot;px&quot;,&quot;top&quot;:&quot;&quot;,&quot;right&quot;:&quot;&quot;,&quot;bottom&quot;:&quot;&quot;,&quot;left&quot;:&quot;&quot;,&quot;isLinked&quot;:true},&quot;caption_padding_tablet&quot;:{&quot;unit&quot;:&quot;px&quot;,&quot;top&quot;:&quot;&quot;,&quot;right&quot;:&quot;&quot;,&quot;bottom&quot;:&quot;&quot;,&quot;left&quot;:&quot;&quot;,&quot;isLinked&quot;:true},&quot;caption_padding_mobile&quot;:{&quot;unit&quot;:&quot;px&quot;,&quot;top&quot;:&quot;&quot;,&quot;right&quot;:&quot;&quot;,&quot;bottom&quot;:&quot;&quot;,&quot;left&quot;:&quot;&quot;,&quot;isLinked&quot;:true},&quot;caption_space&quot;:{&quot;unit&quot;:&quot;px&quot;,&quot;size&quot;:0,&quot;sizes&quot;:[]},&quot;caption_space_tablet&quot;:{&quot;unit&quot;:&quot;px&quot;,&quot;size&quot;:&quot;&quot;,&quot;sizes&quot;:[]},&quot;caption_space_mobile&quot;:{&quot;unit&quot;:&quot;px&quot;,&quot;size&quot;:&quot;&quot;,&quot;sizes&quot;:[]}}\" data-widget_type=\"site-logo.default\">\n\t\t\t\t<div class=\"elementor-widget-container\">\n\t\t\t\t\t<div class=\"hfe-site-logo\">\n\t\t\t\t\t\t\t\t\t\t\t\t\t<a data-elementor-open-lightbox=\"\"  class='elementor-clickable' href=\"https:\/\/aitanaconsultores.com\">\n\t\t\t\t\t\t\t<div class=\"hfe-site-logo-set\">           \n\t\t\t\t<div class=\"hfe-site-logo-container\">\n\t\t\t\t\t\t\t\t\t<img decoding=\"async\" class=\"hfe-site-logo-img elementor-animation-\"  src=\"https:\/\/aitanaconsultores.com\/wp-content\/uploads\/2024\/06\/LOGO-AITANA-04-con-R-e1717443860691.webp\" alt=\"default-logo\"\/>\n\t\t\t\t<\/div>\n\t\t\t<\/div>\n\t\t\t\t\t\t\t<\/a>\n\t\t\t\t\t\t<\/div>  \n\t\t\t\t\t<\/div>\n\t\t\t\t<\/div>\n\t\t\t\t<div class=\"elementor-element elementor-element-3ec711a9 elementor-widget elementor-widget-text-editor\" data-id=\"3ec711a9\" data-element_type=\"widget\" data-widget_type=\"text-editor.default\">\n\t\t\t\t<div class=\"elementor-widget-container\">\n\t\t\t<style>\/*! elementor - v3.23.0 - 23-07-2024 *\/\n.elementor-widget-text-editor.elementor-drop-cap-view-stacked .elementor-drop-cap{background-color:#69727d;color:#fff}.elementor-widget-text-editor.elementor-drop-cap-view-framed .elementor-drop-cap{color:#69727d;border:3px solid;background-color:transparent}.elementor-widget-text-editor:not(.elementor-drop-cap-view-default) .elementor-drop-cap{margin-top:8px}.elementor-widget-text-editor:not(.elementor-drop-cap-view-default) .elementor-drop-cap-letter{width:1em;height:1em}.elementor-widget-text-editor .elementor-drop-cap{float:left;text-align:center;line-height:1;font-size:50px}.elementor-widget-text-editor .elementor-drop-cap-letter{display:inline-block}<\/style>\t\t\t\t<h1><span style=\"font-weight: 400;\">Mentions l\u00e9gales<\/span><\/h1>\n<h3><b>TERMES ET CONDITIONS<\/b><\/h3>\n<p><span style=\"font-weight: 400;\">Le responsable de cette page web est <strong>Luc\u00eda Mar\u00edn Peidro<\/strong><\/span> (ci-apr\u00e8s La Soci\u00e9t\u00e9), NIF\/DNI <b>22144678W <\/b><span style=\"font-weight: 400;\">et si\u00e8ge social situ\u00e9 <b>Calle San Lorenzo 8, 1\u00ba, 03801, Alcoy (Alicante).<\/b><\/span><\/p>\n<p>Vous pouvez \u00e9galement nous contacter par t\u00e9l\u00e9phone au <a href=\"tel:+349655404\">num\u00e9ro (+34) 965 54 04 22<\/a>, via notre formulaire de <a href=\"https:\/\/aitanaconsultores.com\/fr\/contact\/\">contact <\/a> ou par email \u00e0 l&rsquo;adresse suivante : aitana@aitanaconsultores.com<\/p>\n<p><span style=\"font-weight: 400;\">Conform\u00e9ment \u00e0 la Loi 34\/2002, du 11 juillet, des Services de la Soci\u00e9t\u00e9 de l&rsquo;Information et du Commerce \u00c9lectronique (LSSI-CE), La Soci\u00e9t\u00e9 informe qu&rsquo;elle est titulaire du site web <\/span><b>https:\/\/aitanaconsultores.com.<\/b><span style=\"font-weight: 400;\"> Selon l&rsquo;exigence de l&rsquo;article 10 de ladite loi, La Soci\u00e9t\u00e9 informe des donn\u00e9es suivantes : Le titulaire de ce site web est La Soci\u00e9t\u00e9. L&rsquo;adresse email de contact avec l&rsquo;entreprise est : <\/span><b>aitana@aitanaconsultores.com<\/b><span style=\"font-weight: 400;\">.<\/span><\/p>\n<h3><b>UTILISATEUR ET R\u00c9GIME DE RESPONSABILIT\u00c9S<\/b><\/h3>\n<p><span style=\"font-weight: 400;\">La navigation, l&rsquo;acc\u00e8s et l&rsquo;utilisation du site web<\/span> <span style=\"font-weight: bold;\">https:\/\/aitanaconsultores.com<\/span><span style=\"font-weight: 400;\"> conf\u00e8rent la condition d&rsquo;utilisateur, par laquelle toutes les conditions d&rsquo;utilisation ici \u00e9tablies sont accept\u00e9es d\u00e8s la navigation sur le site web, sans pr\u00e9judice de l&rsquo;application de la r\u00e9glementation correspondante de caract\u00e8re obligatoire selon le cas. Le site web de <\/span><span style=\"font-weight: bold;\">https:\/\/aitanaconsultores.com<\/span><span style=\"font-weight: 400;\"> fournit une grande diversit\u00e9 d&rsquo;informations, de services et de donn\u00e9es. L&rsquo;utilisateur assume sa responsabilit\u00e9 dans l&rsquo;utilisation correcte du site web. Cette responsabilit\u00e9 s&rsquo;\u00e9tendra \u00e0 :<\/span><\/p>\n<ul>\n<li style=\"font-weight: 400;\" aria-level=\"1\"><span style=\"font-weight: 400;\">La v\u00e9racit\u00e9 et la lic\u00e9it\u00e9 des informations fournies par l&rsquo;utilisateur dans les formulaires \u00e9tendus par<span style=\"font-weight: 400;\"><span style=\"font-weight: bold;\">:\/\/aitanaconsultores.com<\/span> pour l&rsquo;acc\u00e8s \u00e0 certains contenus ou services offerts par le web.<\/span><\/span><\/li>\n<li style=\"font-weight: 400;\" aria-level=\"1\"><span style=\"font-weight: 400;\">L&rsquo;utilisation des informations, services et donn\u00e9es offerts par <\/span><span style=\"font-weight: 400;\"><span style=\"font-weight: bold;\">https:\/\/aitanaconsultores.com<\/span> contrairement aux dispositions des pr\u00e9sentes conditions, \u00e0 la loi, \u00e0 la morale, aux bonnes coutumes ou \u00e0 l&rsquo;ordre public, ou qui de toute autre mani\u00e8re peuvent causer des dommages aux droits de tiers ou au bon fonctionnement du site web.<\/span><\/li>\n<\/ul>\n<h3><b>POLITIQUE DE LIENS ET EXEMPTIONS DE RESPONSABILIT\u00c9<\/b><\/h3>\n<p><span style=\"font-weight: 400;\">La Soci\u00e9t\u00e9 n&rsquo;est pas responsable du contenu des sites web auxquels l&rsquo;utilisateur peut acc\u00e9der par les liens \u00e9tablis sur son site web et d\u00e9clare qu&rsquo;en aucun cas elle n&rsquo;examinera ou n&rsquo;exercera aucun type de contr\u00f4le sur le contenu des autres sites de la toile. De m\u00eame, elle ne garantira pas la disponibilit\u00e9 technique, l&rsquo;exactitude, la v\u00e9racit\u00e9, la validit\u00e9 ou la l\u00e9galit\u00e9 des sites externes \u00e0 sa propri\u00e9t\u00e9 auxquels il est possible d&rsquo;acc\u00e9der par les liens.<\/span><\/p>\n<p><span style=\"font-weight: 400;\">La Soci\u00e9t\u00e9 d\u00e9clare avoir adopt\u00e9 toutes les mesures n\u00e9cessaires pour \u00e9viter tout dommage aux utilisateurs de son site web, qui pourrait d\u00e9couler de la navigation sur son site web. En cons\u00e9quence, La Soci\u00e9t\u00e9 n&rsquo;est en aucun cas responsable des \u00e9ventuels dommages que la navigation sur Internet pourrait subir par l&rsquo;utilisateur.<\/span><\/p>\n<h3><b>MODIFICATIONS<\/b><\/h3>\n<p><span style=\"font-weight: 400;\">La Soci\u00e9t\u00e9 se r\u00e9serve le droit d&rsquo;effectuer les modifications qu&rsquo;elle juge appropri\u00e9es, sans pr\u00e9avis, au contenu de son site web. Tant en ce qui concerne les contenus du site web, que dans les conditions d&rsquo;utilisation de celui-ci. Ces modifications pourront \u00eatre r\u00e9alis\u00e9es par le biais de son site web de toute forme admissible en droit et seront de caract\u00e8re obligatoire pendant le temps o\u00f9 elles seront publi\u00e9es sur le web et jusqu&rsquo;\u00e0 ce qu&rsquo;elles soient valablement modifi\u00e9es par d&rsquo;autres post\u00e9rieures.<\/span><\/p>\n<h3><b>PROPRI\u00c9T\u00c9 INTELLECTUELLE ET INDUSTRIELLE<\/b><\/h3>\n<p><span style=\"font-weight: 400;\">La Soci\u00e9t\u00e9, elle-m\u00eame ou en tant que cessionnaire, est titulaire de tous les droits de propri\u00e9t\u00e9 intellectuelle et industrielle de sa page web, ainsi que des \u00e9l\u00e9ments contenus dans celle-ci (\u00e0 titre d&rsquo;exemple, images, son, audio, vid\u00e9o, logiciels ou textes ; marques ou logos, combinaisons de couleurs, structure et design, s\u00e9lection des mat\u00e9riaux utilis\u00e9s, programmes informatiques n\u00e9cessaires \u00e0 son fonctionnement, acc\u00e8s et utilisation, etc.), propri\u00e9t\u00e9 de La Soci\u00e9t\u00e9. Ils seront donc des \u0153uvres prot\u00e9g\u00e9es en tant que propri\u00e9t\u00e9 intellectuelle par l&rsquo;ordonnancement juridique espagnol, leur \u00e9tant applicable tant la r\u00e9glementation espagnole et communautaire dans ce domaine, que les trait\u00e9s internationaux relatifs \u00e0 la mati\u00e8re et souscrits par l&rsquo;Espagne.<\/span><\/p>\n<p><span style=\"font-weight: 400;\">Tous les droits sont r\u00e9serv\u00e9s. En vertu des dispositions des articles 8 et 32.1, deuxi\u00e8me alin\u00e9a, de la Loi sur la Propri\u00e9t\u00e9 Intellectuelle, la reproduction, la distribution et la communication publique, y compris leur mode de mise \u00e0 disposition, de la totalit\u00e9 ou d&rsquo;une partie des contenus de cette page web, \u00e0 des fins commerciales, sur tout support et par tout moyen technique, sans l&rsquo;autorisation de La Soci\u00e9t\u00e9, sont express\u00e9ment interdites. <\/span><\/p>\n<p><span style=\"font-weight: 400;\">L&rsquo;utilisateur s&rsquo;engage \u00e0 respecter les droits de Propri\u00e9t\u00e9 Intellectuelle et Industrielle propri\u00e9t\u00e9 de La Soci\u00e9t\u00e9. Il pourra visualiser les \u00e9l\u00e9ments du portail et m\u00eame les imprimer, les copier et les stocker sur le disque dur de son ordinateur ou sur tout autre support physique \u00e0 condition que ce soit, uniquement et exclusivement, pour son usage personnel et priv\u00e9. L&rsquo;utilisateur doit s&rsquo;abstenir de supprimer, alt\u00e9rer, \u00e9luder ou manipuler tout dispositif de protection ou syst\u00e8me de s\u00e9curit\u00e9 qui serait install\u00e9 sur les pages de La Soci\u00e9t\u00e9.  <\/span><\/p>\n<h3><b>ACTIONS L\u00c9GALES, L\u00c9GISLATION APPLICABLE ET JURIDICTION<\/b><\/h3>\n<p><span style=\"font-weight: 400;\">La Soci\u00e9t\u00e9 se r\u00e9serve \u00e9galement la facult\u00e9 d&rsquo;intenter les actions civiles ou p\u00e9nales qu&rsquo;elle jugera appropri\u00e9es pour l&rsquo;utilisation incorrecte de son site web et de ses contenus, ou pour le non-respect des pr\u00e9sentes conditions.<\/span><\/p>\n<p><span style=\"font-weight: 400;\">La relation entre l&rsquo;utilisateur et le prestataire sera r\u00e9gie par la r\u00e9glementation en vigueur et applicable sur le territoire espagnol. En cas de litige, les parties pourront soumettre leurs conflits \u00e0 l&rsquo;arbitrage ou se rendre \u00e0 la juridiction ordinaire en respectant les normes de juridiction et de comp\u00e9tence \u00e0 cet \u00e9gard. La Soci\u00e9t\u00e9 a son si\u00e8ge \u00e0   <\/span><b>Alcoy (Alicante).<\/b><\/p>\n\t\t\t\t\t\t<\/div>\n\t\t\t\t<\/div>\n\t\t\t\t\t<\/div>\n\t\t\t\t<\/div>\n\t\t\t\t<\/div>\n\t\t","protected":false},"excerpt":{"rendered":"<p>Mentions l\u00e9gales TERMES ET CONDITIONS Le responsable de cette page web est Luc\u00eda Mar\u00edn Peidro (ci-apr\u00e8s La Soci\u00e9t\u00e9), NIF\/DNI 22144678W et si\u00e8ge social situ\u00e9 Calle San Lorenzo 8, 1\u00ba, 03801, Alcoy (Alicante). Vous pouvez \u00e9galement nous contacter par t\u00e9l\u00e9phone au num\u00e9ro (+34) 965 54 04 22, via notre formulaire de contact ou par email \u00e0 [&hellip;]<\/p>\n","protected":false},"author":1,"featured_media":0,"parent":0,"menu_order":0,"comment_status":"closed","ping_status":"closed","template":"","meta":{"_uag_custom_page_level_css":"","site-sidebar-layout":"default","site-content-layout":"","ast-site-content-layout":"","site-content-style":"default","site-sidebar-style":"default","ast-global-header-display":"","ast-banner-title-visibility":"","ast-main-header-display":"","ast-hfb-above-header-display":"","ast-hfb-below-header-display":"","ast-hfb-mobile-header-display":"","site-post-title":"disabled","ast-breadcrumbs-content":"","ast-featured-img":"","footer-sml-layout":"","theme-transparent-header-meta":"","adv-header-id-meta":"","stick-header-meta":"","header-above-stick-meta":"","header-main-stick-meta":"","header-below-stick-meta":"","astra-migrate-meta-layouts":"default","ast-page-background-enabled":"default","ast-page-background-meta":{"desktop":{"background-color":"var(--ast-global-color-4)","background-image":"","background-repeat":"repeat","background-position":"center center","background-size":"auto","background-attachment":"scroll","background-type":"","background-media":"","overlay-type":"","overlay-color":"","overlay-opacity":"","overlay-gradient":""},"tablet":{"background-color":"","background-image":"","background-repeat":"repeat","background-position":"center center","background-size":"auto","background-attachment":"scroll","background-type":"","background-media":"","overlay-type":"","overlay-color":"","overlay-opacity":"","overlay-gradient":""},"mobile":{"background-color":"","background-image":"","background-repeat":"repeat","background-position":"center center","background-size":"auto","background-attachment":"scroll","background-type":"","background-media":"","overlay-type":"","overlay-color":"","overlay-opacity":"","overlay-gradient":""}},"ast-content-background-meta":{"desktop":{"background-color":"var(--ast-global-color-5)","background-image":"","background-repeat":"repeat","background-position":"center center","background-size":"auto","background-attachment":"scroll","background-type":"","background-media":"","overlay-type":"","overlay-color":"","overlay-opacity":"","overlay-gradient":""},"tablet":{"background-color":"var(--ast-global-color-5)","background-image":"","background-repeat":"repeat","background-position":"center center","background-size":"auto","background-attachment":"scroll","background-type":"","background-media":"","overlay-type":"","overlay-color":"","overlay-opacity":"","overlay-gradient":""},"mobile":{"background-color":"var(--ast-global-color-5)","background-image":"","background-repeat":"repeat","background-position":"center center","background-size":"auto","background-attachment":"scroll","background-type":"","background-media":"","overlay-type":"","overlay-color":"","overlay-opacity":"","overlay-gradient":""}},"footnotes":""},"class_list":["post-1720","page","type-page","status-publish","hentry"],"yoast_head":"<!-- This site is optimized with the Yoast SEO plugin v23.9 - https:\/\/yoast.com\/wordpress\/plugins\/seo\/ -->\n<title>Mentions l\u00e9gales - Aitana Consultores Legales<\/title>\n<meta name=\"robots\" content=\"index, follow, max-snippet:-1, max-image-preview:large, max-video-preview:-1\" \/>\n<link rel=\"canonical\" href=\"https:\/\/aitanaconsultores.com\/aviso-legal\/\" \/>\n<meta property=\"og:locale\" content=\"fr_FR\" \/>\n<meta property=\"og:type\" content=\"article\" \/>\n<meta property=\"og:title\" content=\"Mentions l\u00e9gales - Aitana Consultores Legales\" \/>\n<meta property=\"og:description\" content=\"Mentions l\u00e9gales TERMES ET CONDITIONS Le responsable de cette page web est Luc\u00eda Mar\u00edn Peidro (ci-apr\u00e8s La Soci\u00e9t\u00e9), NIF\/DNI 22144678W et si\u00e8ge social situ\u00e9 Calle San Lorenzo 8, 1\u00ba, 03801, Alcoy (Alicante). Vous pouvez \u00e9galement nous contacter par t\u00e9l\u00e9phone au num\u00e9ro (+34) 965 54 04 22, via notre formulaire de contact ou par email \u00e0 [&hellip;]\" \/>\n<meta property=\"og:url\" content=\"https:\/\/aitanaconsultores.com\/aviso-legal\/\" \/>\n<meta property=\"og:site_name\" content=\"Aitana Consultores Legales\" \/>\n<meta property=\"article:modified_time\" content=\"2024-07-18T11:14:36+00:00\" \/>\n<meta property=\"og:image\" content=\"https:\/\/aitanaconsultores.com\/wp-content\/uploads\/2024\/06\/LOGO-AITANA-04-con-R-e1717443860691.webp\" \/>\n<meta name=\"twitter:card\" content=\"summary_large_image\" \/>\n<meta name=\"twitter:label1\" content=\"Dur\u00e9e de lecture estim\u00e9e\" \/>\n\t<meta name=\"twitter:data1\" content=\"5 minutes\" \/>\n<script type=\"application\/ld+json\" class=\"yoast-schema-graph\">{\"@context\":\"https:\/\/schema.org\",\"@graph\":[{\"@type\":\"WebPage\",\"@id\":\"https:\/\/aitanaconsultores.com\/aviso-legal\/\",\"url\":\"https:\/\/aitanaconsultores.com\/aviso-legal\/\",\"name\":\"Mentions l\u00e9gales - Aitana Consultores Legales\",\"isPartOf\":{\"@id\":\"https:\/\/aitanaconsultores.com\/#website\"},\"primaryImageOfPage\":{\"@id\":\"https:\/\/aitanaconsultores.com\/aviso-legal\/#primaryimage\"},\"image\":{\"@id\":\"https:\/\/aitanaconsultores.com\/aviso-legal\/#primaryimage\"},\"thumbnailUrl\":\"https:\/\/aitanaconsultores.com\/wp-content\/uploads\/2024\/06\/LOGO-AITANA-04-con-R-e1717443860691.webp\",\"datePublished\":\"2024-06-12T14:05:16+00:00\",\"dateModified\":\"2024-07-18T11:14:36+00:00\",\"breadcrumb\":{\"@id\":\"https:\/\/aitanaconsultores.com\/aviso-legal\/#breadcrumb\"},\"inLanguage\":\"fr-FR\",\"potentialAction\":[{\"@type\":\"ReadAction\",\"target\":[\"https:\/\/aitanaconsultores.com\/aviso-legal\/\"]}]},{\"@type\":\"ImageObject\",\"inLanguage\":\"fr-FR\",\"@id\":\"https:\/\/aitanaconsultores.com\/aviso-legal\/#primaryimage\",\"url\":\"https:\/\/aitanaconsultores.com\/wp-content\/uploads\/2024\/06\/LOGO-AITANA-04-con-R-e1717443860691.webp\",\"contentUrl\":\"https:\/\/aitanaconsultores.com\/wp-content\/uploads\/2024\/06\/LOGO-AITANA-04-con-R-e1717443860691.webp\"},{\"@type\":\"BreadcrumbList\",\"@id\":\"https:\/\/aitanaconsultores.com\/aviso-legal\/#breadcrumb\",\"itemListElement\":[{\"@type\":\"ListItem\",\"position\":1,\"name\":\"Portada\",\"item\":\"https:\/\/aitanaconsultores.com\/\"},{\"@type\":\"ListItem\",\"position\":2,\"name\":\"Mentions l\u00e9gales\"}]},{\"@type\":\"WebSite\",\"@id\":\"https:\/\/aitanaconsultores.com\/#website\",\"url\":\"https:\/\/aitanaconsultores.com\/\",\"name\":\"Aitana Consultores Legales\",\"description\":\"Aitana Consultores\",\"publisher\":{\"@id\":\"https:\/\/aitanaconsultores.com\/#organization\"},\"potentialAction\":[{\"@type\":\"SearchAction\",\"target\":{\"@type\":\"EntryPoint\",\"urlTemplate\":\"https:\/\/aitanaconsultores.com\/?s={search_term_string}\"},\"query-input\":{\"@type\":\"PropertyValueSpecification\",\"valueRequired\":true,\"valueName\":\"search_term_string\"}}],\"inLanguage\":\"fr-FR\"},{\"@type\":\"Organization\",\"@id\":\"https:\/\/aitanaconsultores.com\/#organization\",\"name\":\"Aitana Consultores Legales\",\"url\":\"https:\/\/aitanaconsultores.com\/\",\"logo\":{\"@type\":\"ImageObject\",\"inLanguage\":\"fr-FR\",\"@id\":\"https:\/\/aitanaconsultores.com\/#\/schema\/logo\/image\/\",\"url\":\"https:\/\/aitanaconsultores.com\/wp-content\/uploads\/2024\/06\/LOGO-AITANA-04-con-R-e1717443860691.webp\",\"contentUrl\":\"https:\/\/aitanaconsultores.com\/wp-content\/uploads\/2024\/06\/LOGO-AITANA-04-con-R-e1717443860691.webp\",\"width\":200,\"height\":86,\"caption\":\"Aitana Consultores Legales\"},\"image\":{\"@id\":\"https:\/\/aitanaconsultores.com\/#\/schema\/logo\/image\/\"}}]}<\/script>\n<!-- \/ Yoast SEO plugin. -->","yoast_head_json":{"title":"Mentions l\u00e9gales - Aitana Consultores Legales","robots":{"index":"index","follow":"follow","max-snippet":"max-snippet:-1","max-image-preview":"max-image-preview:large","max-video-preview":"max-video-preview:-1"},"canonical":"https:\/\/aitanaconsultores.com\/aviso-legal\/","og_locale":"fr_FR","og_type":"article","og_title":"Mentions l\u00e9gales - Aitana Consultores Legales","og_description":"Mentions l\u00e9gales TERMES ET CONDITIONS Le responsable de cette page web est Luc\u00eda Mar\u00edn Peidro (ci-apr\u00e8s La Soci\u00e9t\u00e9), NIF\/DNI 22144678W et si\u00e8ge social situ\u00e9 Calle San Lorenzo 8, 1\u00ba, 03801, Alcoy (Alicante). Vous pouvez \u00e9galement nous contacter par t\u00e9l\u00e9phone au num\u00e9ro (+34) 965 54 04 22, via notre formulaire de contact ou par email \u00e0 [&hellip;]","og_url":"https:\/\/aitanaconsultores.com\/aviso-legal\/","og_site_name":"Aitana Consultores Legales","article_modified_time":"2024-07-18T11:14:36+00:00","og_image":[{"url":"https:\/\/aitanaconsultores.com\/wp-content\/uploads\/2024\/06\/LOGO-AITANA-04-con-R-e1717443860691.webp"}],"twitter_card":"summary_large_image","twitter_misc":{"Dur\u00e9e de lecture estim\u00e9e":"5 minutes"},"schema":{"@context":"https:\/\/schema.org","@graph":[{"@type":"WebPage","@id":"https:\/\/aitanaconsultores.com\/aviso-legal\/","url":"https:\/\/aitanaconsultores.com\/aviso-legal\/","name":"Mentions l\u00e9gales - Aitana Consultores Legales","isPartOf":{"@id":"https:\/\/aitanaconsultores.com\/#website"},"primaryImageOfPage":{"@id":"https:\/\/aitanaconsultores.com\/aviso-legal\/#primaryimage"},"image":{"@id":"https:\/\/aitanaconsultores.com\/aviso-legal\/#primaryimage"},"thumbnailUrl":"https:\/\/aitanaconsultores.com\/wp-content\/uploads\/2024\/06\/LOGO-AITANA-04-con-R-e1717443860691.webp","datePublished":"2024-06-12T14:05:16+00:00","dateModified":"2024-07-18T11:14:36+00:00","breadcrumb":{"@id":"https:\/\/aitanaconsultores.com\/aviso-legal\/#breadcrumb"},"inLanguage":"fr-FR","potentialAction":[{"@type":"ReadAction","target":["https:\/\/aitanaconsultores.com\/aviso-legal\/"]}]},{"@type":"ImageObject","inLanguage":"fr-FR","@id":"https:\/\/aitanaconsultores.com\/aviso-legal\/#primaryimage","url":"https:\/\/aitanaconsultores.com\/wp-content\/uploads\/2024\/06\/LOGO-AITANA-04-con-R-e1717443860691.webp","contentUrl":"https:\/\/aitanaconsultores.com\/wp-content\/uploads\/2024\/06\/LOGO-AITANA-04-con-R-e1717443860691.webp"},{"@type":"BreadcrumbList","@id":"https:\/\/aitanaconsultores.com\/aviso-legal\/#breadcrumb","itemListElement":[{"@type":"ListItem","position":1,"name":"Portada","item":"https:\/\/aitanaconsultores.com\/"},{"@type":"ListItem","position":2,"name":"Mentions l\u00e9gales"}]},{"@type":"WebSite","@id":"https:\/\/aitanaconsultores.com\/#website","url":"https:\/\/aitanaconsultores.com\/","name":"Aitana Consultores Legales","description":"Aitana Consultores","publisher":{"@id":"https:\/\/aitanaconsultores.com\/#organization"},"potentialAction":[{"@type":"SearchAction","target":{"@type":"EntryPoint","urlTemplate":"https:\/\/aitanaconsultores.com\/?s={search_term_string}"},"query-input":{"@type":"PropertyValueSpecification","valueRequired":true,"valueName":"search_term_string"}}],"inLanguage":"fr-FR"},{"@type":"Organization","@id":"https:\/\/aitanaconsultores.com\/#organization","name":"Aitana Consultores Legales","url":"https:\/\/aitanaconsultores.com\/","logo":{"@type":"ImageObject","inLanguage":"fr-FR","@id":"https:\/\/aitanaconsultores.com\/#\/schema\/logo\/image\/","url":"https:\/\/aitanaconsultores.com\/wp-content\/uploads\/2024\/06\/LOGO-AITANA-04-con-R-e1717443860691.webp","contentUrl":"https:\/\/aitanaconsultores.com\/wp-content\/uploads\/2024\/06\/LOGO-AITANA-04-con-R-e1717443860691.webp","width":200,"height":86,"caption":"Aitana Consultores Legales"},"image":{"@id":"https:\/\/aitanaconsultores.com\/#\/schema\/logo\/image\/"}}]}},"uagb_featured_image_src":{"full":false,"thumbnail":false,"medium":false,"medium_large":false,"large":false,"1536x1536":false,"2048x2048":false},"uagb_author_info":{"display_name":"AdmINAITanAConsulTOREs","author_link":"https:\/\/aitanaconsultores.com\/fr\/author\/adminaitanaconsultores\/"},"uagb_comment_info":0,"uagb_excerpt":"Mentions l\u00e9gales TERMES ET CONDITIONS Le responsable de cette page web est Luc\u00eda Mar\u00edn Peidro (ci-apr\u00e8s La Soci\u00e9t\u00e9), NIF\/DNI 22144678W et si\u00e8ge social situ\u00e9 Calle San Lorenzo 8, 1\u00ba, 03801, Alcoy (Alicante). Vous pouvez \u00e9galement nous contacter par t\u00e9l\u00e9phone au num\u00e9ro (+34) 965 54 04 22, via notre formulaire de contact ou par email \u00e0\u2026","_links":{"self":[{"href":"https:\/\/aitanaconsultores.com\/fr\/wp-json\/wp\/v2\/pages\/1720","targetHints":{"allow":["GET"]}}],"collection":[{"href":"https:\/\/aitanaconsultores.com\/fr\/wp-json\/wp\/v2\/pages"}],"about":[{"href":"https:\/\/aitanaconsultores.com\/fr\/wp-json\/wp\/v2\/types\/page"}],"author":[{"embeddable":true,"href":"https:\/\/aitanaconsultores.com\/fr\/wp-json\/wp\/v2\/users\/1"}],"replies":[{"embeddable":true,"href":"https:\/\/aitanaconsultores.com\/fr\/wp-json\/wp\/v2\/comments?post=1720"}],"version-history":[{"count":3,"href":"https:\/\/aitanaconsultores.com\/fr\/wp-json\/wp\/v2\/pages\/1720\/revisions"}],"predecessor-version":[{"id":2001,"href":"https:\/\/aitanaconsultores.com\/fr\/wp-json\/wp\/v2\/pages\/1720\/revisions\/2001"}],"wp:attachment":[{"href":"https:\/\/aitanaconsultores.com\/fr\/wp-json\/wp\/v2\/media?parent=1720"}],"curies":[{"name":"wp","href":"https:\/\/api.w.org\/{rel}","templated":true}]}}